{"id":98,"date":"2019-09-18T18:30:02","date_gmt":"2019-09-18T21:30:02","guid":{"rendered":"http:\/\/rafaacessorios.com.br\/?post_type=product&#038;p=98"},"modified":"2025-02-13T14:38:27","modified_gmt":"2025-02-13T17:38:27","slug":"balanca-10-kg","status":"publish","type":"product","link":"https:\/\/rafaacessorios.com.br\/index.php\/produto\/balanca-10-kg\/","title":{"rendered":"Balan\u00e7a 10 Kg"},"content":{"rendered":"<section class=\"main-section item-description \">\n<div id=\"description-includes\" class=\"item-description__content \">\n<div class=\"item-description__text\">\n<p>Com forma de manuseio simples e f\u00e1cil, a balan\u00e7a digital de cozinha DIGITAL possui capacidade at\u00e9 10 kg!<\/p>\n<p>Equipada com sistema de alta precis\u00e3o de calibragem, a balan\u00e7a apresenta m\u00faltiplas aplica\u00e7\u00f5es como em receitas culin\u00e1rias, controles de regimes alimentares, uso farmac\u00eautico, qu\u00edmico, agron\u00f4mico, cosm\u00e9tico, entre outros.<\/p>\n<p>Perfeita para uso pessoal e profissional. Adquira j\u00e1 a sua!<\/p>\n<p>Caracter\u00edsticas<\/p>\n<p>&#8211; Alta precis\u00e3o em sua pesagem, com capacidade de at\u00e9 10 Kg<br \/>\n&#8211; Visor LCD, garantindo a f\u00e1cil visualiza\u00e7\u00e3o<br \/>\n&#8211; Design compacto, obtendo o f\u00e1cil transporte<br \/>\n&#8211; Indica quando as pilhas precisam ser trocadas<\/p>\n<p>Informa\u00e7\u00f5es t\u00e9cnicas<\/p>\n<p>&#8211; Gradua\u00e7\u00e3o: 1 g<br \/>\n&#8211; Capacidade de at\u00e9 10 kg<br \/>\n&#8211; Equipada com um sistema de alta precis\u00e3o de calibragem<br \/>\n&#8211; Sistema de tara<br \/>\n&#8211; Fun\u00e7\u00e3o para pesar em gramas (g) ou on\u00e7a (OZ)<br \/>\n&#8211; Visor de cristal l\u00edquido LCD<br \/>\n&#8211; Desliga automaticamente ap\u00f3s o uso<br \/>\n&#8211; Alimenta\u00e7\u00e3o 2 Pilhas AA (inclusas)<br \/>\n&#8211; Di\u00e2metro do Prato: 15 cm<\/p>\n<p>Itens Inclusos<\/p>\n<p>&#8211; 1x Balan\u00e7a Digital<br \/>\n&#8211; 2x Pilhas AA<\/p>\n<\/div>\n<\/div>\n<p>&nbsp;<\/p>\n<p><strong>Marca: <\/strong>Importado<\/p>\n<p><strong>Modelo: <\/strong>BALAN\u00c7A DE COZINHA<\/p>\n<p><strong>Tipo de balan\u00e7a: <\/strong>Digital<\/p>\n<p><strong>Capacidade m\u00e1xima: <\/strong>10 kg<\/p>\n<p><strong>Sensibilidade: <\/strong>1 g<\/p>\n<\/section>\n","protected":false},"excerpt":{"rendered":"<p>BALAN\u00c7A DE COZINHA ALTA PRECIS\u00c3O DIGITAL 10 Kg<\/p>\n","protected":false},"featured_media":99,"comment_status":"open","ping_status":"closed","template":"","meta":[],"product_brand":[],"product_cat":[30],"product_tag":[],"class_list":{"0":"post-98","1":"product","2":"type-product","3":"status-publish","4":"has-post-thumbnail","6":"product_cat-balancas","8":"first","9":"instock","10":"sale","11":"shipping-taxable","12":"purchasable","13":"product-type-simple"},"_links":{"self":[{"href":"https:\/\/rafaacessorios.com.br\/index.php\/wp-json\/wp\/v2\/product\/98","targetHints":{"allow":["GET"]}}],"collection":[{"href":"https:\/\/rafaacessorios.com.br\/index.php\/wp-json\/wp\/v2\/product"}],"about":[{"href":"https:\/\/rafaacessorios.com.br\/index.php\/wp-json\/wp\/v2\/types\/product"}],"replies":[{"embeddable":true,"href":"https:\/\/rafaacessorios.com.br\/index.php\/wp-json\/wp\/v2\/comments?post=98"}],"wp:featuredmedia":[{"embeddable":true,"href":"https:\/\/rafaacessorios.com.br\/index.php\/wp-json\/wp\/v2\/media\/99"}],"wp:attachment":[{"href":"https:\/\/rafaacessorios.com.br\/index.php\/wp-json\/wp\/v2\/media?parent=98"}],"wp:term":[{"taxonomy":"product_brand","embeddable":true,"href":"https:\/\/rafaacessorios.com.br\/index.php\/wp-json\/wp\/v2\/product_brand?post=98"},{"taxonomy":"product_cat","embeddable":true,"href":"https:\/\/rafaacessorios.com.br\/index.php\/wp-json\/wp\/v2\/product_cat?post=98"},{"taxonomy":"product_tag","embeddable":true,"href":"https:\/\/rafaacessorios.com.br\/index.php\/wp-json\/wp\/v2\/product_tag?post=98"}],"curies":[{"name":"wp","href":"https:\/\/api.w.org\/{rel}","templated":true}]}}